{"id":169,"date":"2021-03-04T11:18:09","date_gmt":"2021-03-04T14:18:09","guid":{"rendered":"http:\/\/bluesunitabuna.com.br\/?page_id=169"},"modified":"2021-03-04T11:23:32","modified_gmt":"2021-03-04T14:23:32","slug":"blog","status":"publish","type":"page","link":"https:\/\/bluesunitabuna.com.br\/index.php\/blog\/","title":{"rendered":"Blog"},"content":{"rendered":"\t\t<div data-elementor-type=\"wp-post\" data-elementor-id=\"169\" class=\"elementor elementor-169\" data-elementor-settings=\"[]\">\n\t\t\t\t\t\t\t<div class=\"elementor-section-wrap\">\n\t\t\t\t\t\t\t<section class=\"elementor-section elementor-top-section elementor-element elementor-element-10523d55 elementor-section-boxed elementor-section-height-default elementor-section-height-default\" data-id=\"10523d55\" data-element_type=\"section\" data-settings=\"{&quot;background_background&quot;:&quot;classic&quot;,&quot;ekit_has_onepagescroll_dot&quot;:&quot;yes&quot;}\">\n\t\t\t\t\t\t<div class=\"elementor-container elementor-column-gap-default\">\n\t\t\t\t\t<div class=\"elementor-column elementor-col-100 elementor-top-column elementor-element elementor-element-11369b62\" data-id=\"11369b62\" data-element_type=\"column\">\n\t\t\t<div class=\"elementor-widget-wrap elementor-element-populated\">\n\t\t\t\t\t\t\t\t<section class=\"elementor-section elementor-inner-section elementor-element elementor-element-78eaf705 elementor-section-boxed elementor-section-height-default elementor-section-height-default\" data-id=\"78eaf705\" data-element_type=\"section\" data-settings=\"{&quot;ekit_has_onepagescroll_dot&quot;:&quot;yes&quot;}\">\n\t\t\t\t\t\t<div class=\"elementor-container elementor-column-gap-default\">\n\t\t\t\t\t<div class=\"elementor-column elementor-col-100 elementor-inner-column elementor-element elementor-element-c645d65\" data-id=\"c645d65\" data-element_type=\"column\">\n\t\t\t<div class=\"elementor-widget-wrap elementor-element-populated\">\n\t\t\t\t\t\t\t\t<div class=\"elementor-element elementor-element-6298d530 elementor-widget elementor-widget-elementskit-heading\" data-id=\"6298d530\" data-element_type=\"widget\" data-widget_type=\"elementskit-heading.default\">\n\t\t\t\t<div class=\"elementor-widget-container\">\n\t\t\t<div class=\"ekit-wid-con\" ><div class=\"ekit-heading elementskit-section-title-wraper center   ekit_heading_tablet-   ekit_heading_mobile-\"><h2 class=\"ekit-heading--title elementskit-section-title \">\n\t\t\t\t\tFique atualizado com nossos conte\u00fados\n\t\t\t\t<\/h2><\/div><\/div>\t\t<\/div>\n\t\t\t\t<\/div>\n\t\t\t\t\t<\/div>\n\t\t<\/div>\n\t\t\t\t\t\t\t<\/div>\n\t\t<\/section>\n\t\t\t\t\t<\/div>\n\t\t<\/div>\n\t\t\t\t\t\t\t<\/div>\n\t\t<\/section>\n\t\t\t\t<section class=\"elementor-section elementor-top-section elementor-element elementor-element-44ecae89 elementor-section-boxed elementor-section-height-default elementor-section-height-default\" data-id=\"44ecae89\" data-element_type=\"section\" data-settings=\"{&quot;background_background&quot;:&quot;classic&quot;,&quot;ekit_has_onepagescroll_dot&quot;:&quot;yes&quot;}\">\n\t\t\t\t\t\t<div class=\"elementor-container elementor-column-gap-default\">\n\t\t\t\t\t<div class=\"elementor-column elementor-col-100 elementor-top-column elementor-element elementor-element-59b4b11d\" data-id=\"59b4b11d\" data-element_type=\"column\">\n\t\t\t<div class=\"elementor-widget-wrap elementor-element-populated\">\n\t\t\t\t\t\t\t\t<section class=\"elementor-section elementor-inner-section elementor-element elementor-element-254aca96 elementor-section-boxed elementor-section-height-default elementor-section-height-default\" data-id=\"254aca96\" data-element_type=\"section\" data-settings=\"{&quot;ekit_has_onepagescroll_dot&quot;:&quot;yes&quot;}\">\n\t\t\t\t\t\t<div class=\"elementor-container elementor-column-gap-default\">\n\t\t\t\t\t<div class=\"elementor-column elementor-col-33 elementor-inner-column elementor-element elementor-element-6d785e39\" data-id=\"6d785e39\" data-element_type=\"column\">\n\t\t\t<div class=\"elementor-widget-wrap\">\n\t\t\t\t\t\t\t\t\t<\/div>\n\t\t<\/div>\n\t\t\t\t<div class=\"elementor-column elementor-col-33 elementor-inner-column elementor-element elementor-element-3df85f60\" data-id=\"3df85f60\" data-element_type=\"column\">\n\t\t\t<div class=\"elementor-widget-wrap elementor-element-populated\">\n\t\t\t\t\t\t\t\t<div class=\"elementor-element elementor-element-5ce1a720 elementor-widget elementor-widget-elementskit-heading\" data-id=\"5ce1a720\" data-element_type=\"widget\" data-widget_type=\"elementskit-heading.default\">\n\t\t\t\t<div class=\"elementor-widget-container\">\n\t\t\t<div class=\"ekit-wid-con\" ><div class=\"ekit-heading elementskit-section-title-wraper center   ekit_heading_tablet-   ekit_heading_mobile-\"><h2 class=\"ekit-heading--title elementskit-section-title \">\n\t\t\t\t\tNot\u00edcias e artigos | Blog\n\t\t\t\t<\/h2>\t\t\t\t<div class='ekit-heading__description'>\n\t\t\t\t\t<p>Acompanhe nossos conte\u00fados sobre energia solar<\/p>\n\t\t\t\t<\/div>\n\t\t\t<\/div><\/div>\t\t<\/div>\n\t\t\t\t<\/div>\n\t\t\t\t\t<\/div>\n\t\t<\/div>\n\t\t\t\t<div class=\"elementor-column elementor-col-33 elementor-inner-column elementor-element elementor-element-7234f80e\" data-id=\"7234f80e\" data-element_type=\"column\">\n\t\t\t<div class=\"elementor-widget-wrap\">\n\t\t\t\t\t\t\t\t\t<\/div>\n\t\t<\/div>\n\t\t\t\t\t\t\t<\/div>\n\t\t<\/section>\n\t\t\t\t<section class=\"elementor-section elementor-inner-section elementor-element elementor-element-eea9f71 elementor-section-boxed elementor-section-height-default elementor-section-height-default\" data-id=\"eea9f71\" data-element_type=\"section\" data-settings=\"{&quot;ekit_has_onepagescroll_dot&quot;:&quot;yes&quot;}\">\n\t\t\t\t\t\t<div class=\"elementor-container elementor-column-gap-default\">\n\t\t\t\t\t<div class=\"elementor-column elementor-col-100 elementor-inner-column elementor-element elementor-element-67625670\" data-id=\"67625670\" data-element_type=\"column\">\n\t\t\t<div class=\"elementor-widget-wrap elementor-element-populated\">\n\t\t\t\t\t\t\t\t<div class=\"elementor-element elementor-element-760ffe55 elementor-widget elementor-widget-elementskit-blog-posts\" data-id=\"760ffe55\" data-element_type=\"widget\" data-widget_type=\"elementskit-blog-posts.default\">\n\t\t\t\t<div class=\"elementor-widget-container\">\n\t\t\t<div class=\"ekit-wid-con\" >        <div id=\"post-items--760ffe55\" class=\"row post-items\">\n                    <div class=\"col-lg-4 col-md-6\">\n\n                                    <div class=\"elementskit-post-image-card\">\n                        <div class=\"elementskit-entry-header\">\n                                                            <a href=\"https:\/\/bluesunitabuna.com.br\/index.php\/2021\/02\/25\/como-funciona-a-energia-solar-a-noite\/\" class=\"elementskit-entry-thumb\">\n                                    <img src=\"https:\/\/bluesunitabuna.com.br\/wp-content\/uploads\/2021\/02\/man-worker-in-the-firld-by-the-solar-panels-1024x683.jpg\" alt=\"Como funciona a Energia Solar \u00e0 noite?\">\n                                <\/a><!-- .elementskit-entry-thumb END -->\n                                                            \n                                                    <\/div><!-- .elementskit-entry-header END -->\n\n                        <div class=\"elementskit-post-body \">\n                                                                                    <h2 class=\"entry-title\">\n                    <a href=\"https:\/\/bluesunitabuna.com.br\/index.php\/2021\/02\/25\/como-funciona-a-energia-solar-a-noite\/\">\n                            Como funciona a Energia Solar \u00e0 noite?                    <\/a>\n                <\/h2>\n                                                        \n                                                                                                                <div class=\"post-meta-list\">\n                                    <\/div>\n                                                                        \n                                        \n                                                                                                                                                                            <p>Muitas pessoas t\u00eam d\u00favidas se a energia solar funciona \u00e0 noite. \u00c9 importante ressaltar que esse tipo de sistema tem o pleno funcionamento em um dia<\/p>\n                                                                                                                                                        <div class=\"btn-wraper\">\n                                    \n                                                                            <a href=\"https:\/\/bluesunitabuna.com.br\/index.php\/2021\/02\/25\/como-funciona-a-energia-solar-a-noite\/\" class=\"elementskit-btn  whitespace--normal\" >\n                                                                                    Ver artigo completo                                        <\/a>\n                                                                    <\/div>\n                                                    <\/div><!-- .elementskit-post-body END -->\n                    <\/div>\n                \n            <\/div>\n                    <div class=\"col-lg-4 col-md-6\">\n\n                                    <div class=\"elementskit-post-image-card\">\n                        <div class=\"elementskit-entry-header\">\n                                                            <a href=\"https:\/\/bluesunitabuna.com.br\/index.php\/2021\/02\/25\/tipos-de-energia-solar-no-brasil\/\" class=\"elementskit-entry-thumb\">\n                                    <img src=\"https:\/\/bluesunitabuna.com.br\/wp-content\/uploads\/2021\/02\/mother-with-her-little-son-by-solar-panels-1024x683.jpg\" alt=\"Tipos de Energia solar no Brasil\">\n                                <\/a><!-- .elementskit-entry-thumb END -->\n                                                            \n                                                    <\/div><!-- .elementskit-entry-header END -->\n\n                        <div class=\"elementskit-post-body \">\n                                                                                    <h2 class=\"entry-title\">\n                    <a href=\"https:\/\/bluesunitabuna.com.br\/index.php\/2021\/02\/25\/tipos-de-energia-solar-no-brasil\/\">\n                            Tipos de Energia solar no Brasil                    <\/a>\n                <\/h2>\n                                                        \n                                                                                                                <div class=\"post-meta-list\">\n                                    <\/div>\n                                                                        \n                                        \n                                                                                                                                                                            <p>Energia solar corresponde \u00e0 energia proveniente da luz e do calor emitidos pelo Sol. Essa fonte de energia pode ser aproveitada de forma fotovoltaica e t\u00e9rmica,<\/p>\n                                                                                                                                                        <div class=\"btn-wraper\">\n                                    \n                                                                            <a href=\"https:\/\/bluesunitabuna.com.br\/index.php\/2021\/02\/25\/tipos-de-energia-solar-no-brasil\/\" class=\"elementskit-btn  whitespace--normal\" >\n                                                                                    Ver artigo completo                                        <\/a>\n                                                                    <\/div>\n                                                    <\/div><!-- .elementskit-post-body END -->\n                    <\/div>\n                \n            <\/div>\n                    <div class=\"col-lg-4 col-md-6\">\n\n                                    <div class=\"elementskit-post-image-card\">\n                        <div class=\"elementskit-entry-header\">\n                                                            <a href=\"https:\/\/bluesunitabuna.com.br\/index.php\/2021\/02\/25\/vantagens-da-energia-solar\/\" class=\"elementskit-entry-thumb\">\n                                    <img src=\"https:\/\/bluesunitabuna.com.br\/wp-content\/uploads\/2021\/02\/man-worker-firld-by-solar-panels-1024x683.jpg\" alt=\"Vantagens da energia solar\">\n                                <\/a><!-- .elementskit-entry-thumb END -->\n                                                            \n                                                    <\/div><!-- .elementskit-entry-header END -->\n\n                        <div class=\"elementskit-post-body \">\n                                                                                    <h2 class=\"entry-title\">\n                    <a href=\"https:\/\/bluesunitabuna.com.br\/index.php\/2021\/02\/25\/vantagens-da-energia-solar\/\">\n                            Vantagens da energia solar                    <\/a>\n                <\/h2>\n                                                        \n                                                                                                                <div class=\"post-meta-list\">\n                                    <\/div>\n                                                                        \n                                        \n                                                                                                                                                                            <p>Fala galera! Hoje n\u00f3s viemos falar sobre as vantagens da energia solar. S\u00e3o vantagens da energia solar: seu baixo impacto ambiental, sua instala\u00e7\u00e3o simples, seu baixo<\/p>\n                                                                                                                                                        <div class=\"btn-wraper\">\n                                    \n                                                                            <a href=\"https:\/\/bluesunitabuna.com.br\/index.php\/2021\/02\/25\/vantagens-da-energia-solar\/\" class=\"elementskit-btn  whitespace--normal\" >\n                                                                                    Ver artigo completo                                        <\/a>\n                                                                    <\/div>\n                                                    <\/div><!-- .elementskit-post-body END -->\n                    <\/div>\n                \n            <\/div>\n                <\/div>\n       <\/div>\t\t<\/div>\n\t\t\t\t<\/div>\n\t\t\t\t\t<\/div>\n\t\t<\/div>\n\t\t\t\t\t\t\t<\/div>\n\t\t<\/section>\n\t\t\t\t\t<\/div>\n\t\t<\/div>\n\t\t\t\t\t\t\t<\/div>\n\t\t<\/section>\n\t\t\t\t<section class=\"elementor-section elementor-top-section elementor-element elementor-element-687c49ae elementor-section-content-middle elementor-section-boxed elementor-section-height-default elementor-section-height-default\" data-id=\"687c49ae\" data-element_type=\"section\" data-settings=\"{&quot;background_background&quot;:&quot;gradient&quot;,&quot;ekit_has_onepagescroll_dot&quot;:&quot;yes&quot;}\">\n\t\t\t\t\t\t<div class=\"elementor-container elementor-column-gap-default\">\n\t\t\t\t\t<div class=\"elementor-column elementor-col-50 elementor-top-column elementor-element elementor-element-1fe07ef7\" data-id=\"1fe07ef7\" data-element_type=\"column\">\n\t\t\t<div class=\"elementor-widget-wrap elementor-element-populated\">\n\t\t\t\t\t\t\t\t<div class=\"elementor-element elementor-element-5aa64378 elementor-widget elementor-widget-heading\" data-id=\"5aa64378\" data-element_type=\"widget\" data-widget_type=\"heading.default\">\n\t\t\t\t<div class=\"elementor-widget-container\">\n\t\t\t<h2 class=\"elementor-heading-title elementor-size-default\">Receba nossos emails<\/h2>\t\t<\/div>\n\t\t\t\t<\/div>\n\t\t\t\t<div class=\"elementor-element elementor-element-1fb021bc elementor-widget elementor-widget-text-editor\" data-id=\"1fb021bc\" data-element_type=\"widget\" data-widget_type=\"text-editor.default\">\n\t\t\t\t<div class=\"elementor-widget-container\">\n\t\t\t\t\t<div class=\"elementor-text-editor elementor-clearfix\"><p>Cadastre-se para receber nossos materiais sobre energia solar e fonte de energia limpa. \ud83d\ude0a<\/p><\/div>\n\t\t\t\t<\/div>\n\t\t\t\t<\/div>\n\t\t\t\t\t<\/div>\n\t\t<\/div>\n\t\t\t\t<div class=\"elementor-column elementor-col-50 elementor-top-column elementor-element elementor-element-4b083ac4\" data-id=\"4b083ac4\" data-element_type=\"column\">\n\t\t\t<div class=\"elementor-widget-wrap elementor-element-populated\">\n\t\t\t\t\t\t\t\t<div class=\"elementor-element elementor-element-34176a5c elementor-button-align-stretch elementor-widget elementor-widget-form\" data-id=\"34176a5c\" data-element_type=\"widget\" data-settings=\"{&quot;button_width&quot;:&quot;33&quot;,&quot;step_next_label&quot;:&quot;Next&quot;,&quot;step_previous_label&quot;:&quot;Previous&quot;,&quot;step_type&quot;:&quot;number_text&quot;,&quot;step_icon_shape&quot;:&quot;circle&quot;}\" data-widget_type=\"form.default\">\n\t\t\t\t<div class=\"elementor-widget-container\">\n\t\t\t\t\t<form class=\"elementor-form\" method=\"post\" name=\"newsletter\">\n\t\t\t<input type=\"hidden\" name=\"post_id\" value=\"169\"\/>\n\t\t\t<input type=\"hidden\" name=\"form_id\" value=\"34176a5c\"\/>\n\n\t\t\t\n\t\t\t<div class=\"elementor-form-fields-wrapper elementor-labels-\">\n\t\t\t\t\t\t\t\t<div class=\"elementor-field-type-email elementor-field-group elementor-column elementor-field-group-email elementor-col-66 elementor-field-required\">\n\t\t\t\t\t<label for=\"form-field-email\" class=\"elementor-field-label elementor-screen-only\">Email<\/label><input size=\"1\" type=\"email\" name=\"form_fields[email]\" id=\"form-field-email\" class=\"elementor-field elementor-size-lg  elementor-field-textual\" placeholder=\"Seu e-mail\" required=\"required\" aria-required=\"true\">\t\t\t\t<\/div>\n\t\t\t\t\t\t\t\t<div class=\"elementor-field-group elementor-column elementor-field-type-submit elementor-col-33 e-form__buttons\">\n\t\t\t\t\t<button type=\"submit\" class=\"elementor-button elementor-size-lg\">\n\t\t\t\t\t\t<span >\n\t\t\t\t\t\t\t\t\t\t\t\t\t\t\t<span class=\"elementor-align-icon-left elementor-button-icon\">\n\t\t\t\t\t\t\t\t\t<i aria-hidden=\"true\" class=\"far fa-envelope\"><\/i>\t\t\t\t\t\t\t\t\t\t\t\t\t\t\t\t\t<\/span>\n\t\t\t\t\t\t\t\t\t\t\t\t\t\t\t\t\t\t\t\t\t\t<span class=\"elementor-button-text\">Enviar<\/span>\n\t\t\t\t\t\t\t\t\t\t\t\t\t<\/span>\n\t\t\t\t\t<\/button>\n\t\t\t\t<\/div>\n\t\t\t<\/div>\n\t\t<\/form>\n\t\t\t\t<\/div>\n\t\t\t\t<\/div>\n\t\t\t\t\t<\/div>\n\t\t<\/div>\n\t\t\t\t\t\t\t<\/div>\n\t\t<\/section>\n\t\t\t\t\t\t<\/div>\n\t\t\t\t\t<\/div>\n\t\t","protected":false},"excerpt":{"rendered":"<p>Fique atualizado com nossos conte\u00fados Not\u00edcias e artigos | Blog Acompanhe nossos conte\u00fados sobre energia solar Como funciona a Energia Solar \u00e0 noite? Muitas pessoas t\u00eam d\u00favidas se a energia solar funciona \u00e0 noite. \u00c9 importante ressaltar que esse tipo de sistema tem o pleno funcionamento em um dia Ver artigo completo Tipos de Energia&hellip; <a class=\"more-link\" href=\"https:\/\/bluesunitabuna.com.br\/index.php\/2021\/02\/25\/vantagens-da-energia-solar\/\">Continue reading <span class=\"screen-reader-text\">Vantagens da energia solar<\/span><\/a><\/p>\n","protected":false},"author":1,"featured_media":0,"parent":0,"menu_order":0,"comment_status":"closed","ping_status":"closed","template":"elementor_header_footer","meta":[],"_links":{"self":[{"href":"https:\/\/bluesunitabuna.com.br\/index.php\/wp-json\/wp\/v2\/pages\/169"}],"collection":[{"href":"https:\/\/bluesunitabuna.com.br\/index.php\/wp-json\/wp\/v2\/pages"}],"about":[{"href":"https:\/\/bluesunitabuna.com.br\/index.php\/wp-json\/wp\/v2\/types\/page"}],"author":[{"embeddable":true,"href":"https:\/\/bluesunitabuna.com.br\/index.php\/wp-json\/wp\/v2\/users\/1"}],"replies":[{"embeddable":true,"href":"https:\/\/bluesunitabuna.com.br\/index.php\/wp-json\/wp\/v2\/comments?post=169"}],"version-history":[{"count":7,"href":"https:\/\/bluesunitabuna.com.br\/index.php\/wp-json\/wp\/v2\/pages\/169\/revisions"}],"predecessor-version":[{"id":178,"href":"https:\/\/bluesunitabuna.com.br\/index.php\/wp-json\/wp\/v2\/pages\/169\/revisions\/178"}],"wp:attachment":[{"href":"https:\/\/bluesunitabuna.com.br\/index.php\/wp-json\/wp\/v2\/media?parent=169"}],"curies":[{"name":"wp","href":"https:\/\/api.w.org\/{rel}","templated":true}]}}